{"id":882,"date":"2015-07-07T11:18:02","date_gmt":"2015-07-07T09:18:02","guid":{"rendered":"http:\/\/www.carlosrondamas.com\/?page_id=882"},"modified":"2015-08-27T00:30:43","modified_gmt":"2015-08-26T22:30:43","slug":"privacy-cookies-policy","status":"publish","type":"page","link":"https:\/\/www.carlosrondamas.com\/es\/privacy-cookies-policy\/","title":{"rendered":"Pol\u00edtica de Privacidad y Cookies"},"content":{"rendered":"<p>Le informamos que el acceso y uso de esta p\u00e1gina web est\u00e1 sujeta a las presentes condiciones de uso, recomend\u00e1ndole que las lea atentamente por cuanto el hecho de acceder y usar esta p\u00e1gina implica su aceptaci\u00f3n. El usuario se compromete a utilizar la p\u00e1gina web de conformidad con la ley, el presente aviso legal, reglamentos e instrucciones puestos en su conocimiento, as\u00ed como la moral, las buenas costumbres generalmente aceptadas y el orden p\u00fablico.<\/p>\n<p>Todos los derechos de propiedad intelectual del contenido de esta p\u00e1gina web, su dise\u00f1o gr\u00e1fico y dominio, son propiedad exclusiva de <strong>Carlos Ronda Mas<\/strong>\u00a0y es a quien le corresponde el ejercicio exclusivo de los derechos de explotaci\u00f3n de los mismos. Todo este material est\u00e1 protegido por la legislaci\u00f3n de protecci\u00f3n de la propiedad intelectual y su uso indebido puede ser objeto de sanciones, incluso penales de acuerdo con el Art\u00edculo 270 del vigente C\u00f3digo Penal. <strong>Carlos Ronda Mas<\/strong> no ser\u00e1 responsable de la informaci\u00f3n que se puede obtener a trav\u00e9s de enlaces o que provenga de fuentes ajenas. La presencia de estos enlaces tiene una finalidad meramente informativa. <strong>Carlos Ronda Mas<\/strong> tampoco se responsabiliza del mal uso que se realice de los contenidos de su p\u00e1gina web, siendo exclusiva responsabilidad de la persona que accede a ellos o los utiliza.<\/p>\n<h4>Pol\u00edtica de Privacidad<\/h4>\n<p>En cumplimiento de lo dispuesto en el Art\u00edculo 5 de la Ley Org\u00e1nica 15\/1999 del 13 de diciembre de Protecci\u00f3n de Datos de Car\u00e1cter Personal (LOPD), le informamos que los datos de car\u00e1cter personal que nos proporcione rellenando el formulario de registro electr\u00f3nico de esta p\u00e1gina web, se recoger\u00e1n en un fichero de titularidad propia, con la finalidad de prestarle los servicios que solicite, mantenerle informado de novedades que podr\u00edan ser de su inter\u00e9s y avisos importantes. Si no introduce los datos de car\u00e1cter personal que aparecen en el formulario como obligatorios, podr\u00e1 tener como consecuencia que no podamos atender su solicitud. Le garantizamos la confidencialidad de los datos de car\u00e1cter personal y nos comprometemos a tratar de una manera absolutamente confidencial dichos datos y a utilizarlos s\u00f3lo para las finalidades indicadas.<\/p>\n<p>En virtud de lo dispuesto en el Art\u00edculo 15 y siguientes de la LOPD y en los t\u00e9rminos del su Reglamento de Ejecuci\u00f3n (R.D. 1720\/2007 del 21 de diciembre), en cualquier momento podr\u00e1 ejercitar sus derechos de acceso, rectificaci\u00f3n, cancelaci\u00f3n y oposici\u00f3n, dirigi\u00e9ndose por escrito a <a href=\"mailto:info@carlosrondamas.com\">info@carlosrondamas.com<\/a>. Con la aceptaci\u00f3n de este aviso legal, reconoce que la informaci\u00f3n y los datos personales recogidos son exactos y veraces.<\/p>\n<h4>Pol\u00edtica de Cookies<\/h4>\n<p>Le informamos que nuestra p\u00e1gina web utiliza cookies para analizar la navegaci\u00f3n de usuarios. Una cookie es un peque\u00f1o archivo de texto que una p\u00e1gina web almacena en el navegador del usuario. Las cookies facilitan el uso y la navegaci\u00f3n por una p\u00e1gina web y son esenciales para el funcionamiento de internet, aportando innumerables ventajas en la prestaci\u00f3n de servicios interactivos. Utilizamos cookies no s\u00f3lo por nuestros intereses, sino tambi\u00e9n para mejorar el funcionamiento de la p\u00e1gina web y poder ofrecerle la mejor experiencia de navegaci\u00f3n.<\/p>\n<p>Para permitir, conocer, bloquear o eliminar las cookies instaladas en su equipo puede hacerlo mediante la configuraci\u00f3n de las opciones del navegador instalado en su ordenador. Puede encontrar informaci\u00f3n sobre c\u00f3mo hacerlo en el caso de que use como navegador: <a href=\"http:\/\/support.mozilla.org\/es\/kb\/habilitar-y-deshabilitar-cookies-que-los-sitios-we\" target=\"_blank\">Firefox<\/a>, <a href=\"http:\/\/support.google.com\/chrome\/bin\/answer.py?hl=es&amp;answer=95647\" target=\"_blank\">Chrome<\/a>, <a href=\"http:\/\/windows.microsoft.com\/es-es\/windows7\/how-to-manage-cookies-in-internet-explorer-9\" target=\"_blank\">Internet Explorer<\/a>, <a href=\"http:\/\/support.apple.com\/kb\/PH19214?viewlocale=es_ES&amp;locale=es_ES\" target=\"_blank\">Safari<\/a>\u00a0o <a href=\"http:\/\/help.opera.com\/Windows\/11.50\/es-ES\/cookies.html\" target=\"_blank\">Opera<\/a>.<\/p>\n<p>Los tipos de cookies que utiliza esta p\u00e1gina web son:<\/p>\n<p>Cookies de Personalizaci\u00f3n: su funci\u00f3n es mejorar la facilidad de uso de la p\u00e1gina web a los usuarios y permiten personalizar las funciones o contenidos de la p\u00e1gina web en funci\u00f3n de los datos obtenidos del navegador, como por ejemplo preferencias de idioma y el tipo de navegador o dispositivo a trav\u00e9s del cual accede.<\/p>\n<p>Cookies de An\u00e1lisis: su funci\u00f3n es recopilar informaci\u00f3n acerca de c\u00f3mo los usuarios navegan en nuestra p\u00e1gina web. Utilizamos la informaci\u00f3n para elaborar informes y ayudar a mejorar la p\u00e1gina. Las cookies recopilan informaci\u00f3n de forma an\u00f3nima, incluyendo el n\u00famero de visitantes, de donde vienen y la informaci\u00f3n que han visitado en nuestra p\u00e1gina web. Consulte\u00a0su funcionamiento en <a href=\"http:\/\/www.google.com\/analytics\/\" target=\"_blank\">Google Analytics<\/a>\u00a0y\u00a0su\u00a0<a href=\"http:\/\/www.google.com\/analytics\/learn\/privacy.html?hl=es\" target=\"_blank\">pol\u00edtica de privacidad<\/a>.<\/p>\n<p>Cookies de Terceros: utilizamos plugins sociales y su funci\u00f3n es permitir al usuario ver\u00a0contenido de redes sociales. Los plugins se identifican con el logotipo de los mismos. Los datos recogidos a trav\u00e9s de los plugins sociales est\u00e1n determinados exclusivamente por dicho tercero. Para obtener informaci\u00f3n sobre estas cookies o conocer qu\u00e9 datos recopilan consulte la pol\u00edtica de privacidad de cada red social:\u00a0<a href=\"http:\/\/www.google.com\/intl\/es\/policies\/technologies\/cookies\/\" target=\"_blank\">YouTube<\/a>\u00a0y\u00a0<a href=\"http:\/\/soundcloud.com\/pages\/cookies\" target=\"_blank\">SoundCloud<\/a>.<\/p>\n<p>Estas aplicaciones han sido desarrolladas por terceros, que prestan el servicio de an\u00e1lisis de la audiencia de la p\u00e1gina web. Estas empresas pueden utilizar estos datos para mejorar sus propios servicios y para ofrecer servicios a otras empresas. Puede conocer esos otros usos desde los enlaces indicados. Estas herramientas no obtienen datos de los nombres o apellidos de los usuarios ni de la direcci\u00f3n postal desde donde se conectan. La informaci\u00f3n que obtiene esta relacionada, por ejemplo, con el n\u00famero de p\u00e1ginas visitadas, el idioma, la ciudad a la que est\u00e1 asignada la direcci\u00f3n IP desde la que acceden los usuarios, el n\u00famero de usuarios que visitan la p\u00e1gina web, la frecuencia y reincidencia de las visitas, el tiempo de visita, el navegador que usan, el operador o dispositivo desde el que se realiza la visita.<\/p>\n<p>El usuario acepta expresamente, por la utilizaci\u00f3n de esta p\u00e1gina web, el tratamiento de la informaci\u00f3n recabada en la forma y con los fines anteriormente mencionados. Y asimismo reconoce conocer la posibilidad de rechazar el tratamiento de tales datos o informaci\u00f3n rechazando el uso de cookies mediante la selecci\u00f3n de la configuraci\u00f3n apropiada a tal fin en su navegador. Si bien esta opci\u00f3n de bloqueo de cookies en su navegador puede no permitirle el uso pleno de todas las funcionalidades de la p\u00e1gina web.<\/p>\n<p>Los usuarios de esta p\u00e1gina web son conscientes de todo el expuesto y lo aceptan voluntariamente.<\/p>","protected":false},"excerpt":{"rendered":"<p>Le informamos que el acceso y uso de esta p\u00e1gina web est\u00e1 sujeta a las presentes condiciones de uso, recomend\u00e1ndole que las lea atentamente por cuanto el hecho de acceder y usar esta p\u00e1gina implica su aceptaci\u00f3n. El usuario se compromete a utilizar la p\u00e1gina web de conformidad con la ley, el presente aviso legal, reglamentos e instrucciones puestos en su conocimiento, as\u00ed como la&#8230;<\/p>\n","protected":false},"author":1,"featured_media":0,"parent":0,"menu_order":90,"comment_status":"open","ping_status":"closed","template":"","meta":{"footnotes":""},"class_list":["post-882","page","type-page","status-publish","hentry"],"_links":{"self":[{"href":"https:\/\/www.carlosrondamas.com\/es\/wp-json\/wp\/v2\/pages\/882","targetHints":{"allow":["GET"]}}],"collection":[{"href":"https:\/\/www.carlosrondamas.com\/es\/wp-json\/wp\/v2\/pages"}],"about":[{"href":"https:\/\/www.carlosrondamas.com\/es\/wp-json\/wp\/v2\/types\/page"}],"author":[{"embeddable":true,"href":"https:\/\/www.carlosrondamas.com\/es\/wp-json\/wp\/v2\/users\/1"}],"replies":[{"embeddable":true,"href":"https:\/\/www.carlosrondamas.com\/es\/wp-json\/wp\/v2\/comments?post=882"}],"version-history":[{"count":15,"href":"https:\/\/www.carlosrondamas.com\/es\/wp-json\/wp\/v2\/pages\/882\/revisions"}],"predecessor-version":[{"id":897,"href":"https:\/\/www.carlosrondamas.com\/es\/wp-json\/wp\/v2\/pages\/882\/revisions\/897"}],"wp:attachment":[{"href":"https:\/\/www.carlosrondamas.com\/es\/wp-json\/wp\/v2\/media?parent=882"}],"curies":[{"name":"wp","href":"https:\/\/api.w.org\/{rel}","templated":true}]}}