{"id":1327,"date":"2026-03-24T21:29:02","date_gmt":"2026-03-24T20:29:02","guid":{"rendered":"https:\/\/www.carlosrondamas.com\/?page_id=1327"},"modified":"2026-03-26T19:13:41","modified_gmt":"2026-03-26T18:13:41","slug":"amaphupho-digital","status":"publish","type":"page","link":"https:\/\/www.carlosrondamas.com\/es\/amaphupho-digital\/","title":{"rendered":"Amaphupho Digital"},"content":{"rendered":"<div style=\"background-color: #f4f4f4; padding: 20px; border-radius: 8px; border: 1px solid #ddd; margin-bottom: 20px;\">\n<p>&nbsp;<\/p>\n<p class=\"p1\" style=\"text-align: center;\"><span style=\"color: #000000;\"><span class=\"s1\">\ud83d\udd12<\/span><b> Acceso Exclusivo\u00a0<\/b><\/span><\/p>\n<p class=\"p2\" style=\"text-align: center;\"><span style=\"color: #000000;\"><b>ES:<\/b> \u00a1Bienvenid@ al universo de <b>Amaphupho<\/b>!<\/span><br \/>\n<span style=\"color: #000000;\">Este es un espacio reservado para quienes hab\u00e9is hecho posible este viaje.<\/span><\/p>\n<p class=\"p3\" style=\"text-align: center;\"><span style=\"color: #000000;\"><b>Instrucciones de seguridad:<\/b><\/span><\/p>\n<ul class=\"ul1\">\n<li class=\"li3\"><span style=\"color: #000000;\"><b>Contrase\u00f1a:<\/b> Introduce tu c\u00f3digo \u00fanico en el recuadro inferior.<br \/>\nPor motivos de seguridad y dise\u00f1o, los caracteres <b>permanecer\u00e1n ocultos<\/b> mientras escribes. Te recomendamos usar \u00abcopiar y pegar\u00bb y despu\u00e9s pulsar el bot\u00f3n <b>\u00abUnlock\u00bb<\/b>.<\/span><\/li>\n<li class=\"li3\"><span style=\"color: #000000;\"><b>Descargas:<\/b> Dispones de intentos limitados para la descarga. Una vez dentro, aseg\u00farate de guardar los archivos en tu dispositivo preferido.<\/span><\/li>\n<li class=\"li3\"><span style=\"color: #000000;\"><b>Primicia:<\/b> Tienes acceso al \u00e1lbum antes de su publicaci\u00f3n oficial en redes y plataformas. Te pedimos que, por favor, <b>no hagas difusi\u00f3n p\u00fablica de este enlace ni del contenido<\/b>. Es una recompensa exclusiva para ti como mecenas de la campa\u00f1a Amaphupho de Wemakeit.<\/span><\/li>\n<\/ul>\n<p>&nbsp;<\/p>\n<p class=\"p1\" style=\"text-align: center;\"><span style=\"color: #000000;\"><span class=\"s1\">\ud83d\udd12<\/span><b> Exclusive Access<\/b><\/span><\/p>\n<p class=\"p2\" style=\"text-align: center;\"><span style=\"color: #000000;\"><b>EN:<\/b> Welcome to the universe of <b>Amaphupho<\/b>!<\/span><br \/>\n<span style=\"color: #000000;\">This is a private space reserved for those who made this journey possible.<\/span><\/p>\n<p class=\"p4\" style=\"text-align: center;\"><span style=\"color: #000000;\"><b>Security Instructions:<\/b><\/span><\/p>\n<ul class=\"ul1\">\n<li class=\"li4\" style=\"text-align: left;\"><span style=\"color: #000000;\"><b>Password:<\/b> Enter your unique code in the box above.<br \/>\nFor security and design reasons, the characters <b>will remain hidden<\/b> as you type. We recommend using \u00abcopy and paste\u00bb and then clicking the <b>\u00abUnlock\u00bb<\/b> button.<\/span><\/li>\n<li class=\"li4\" style=\"text-align: left;\"><span style=\"color: #000000;\"><b>Downloads:<\/b> There is a limited number of download attempts. Once inside, please save the files to your preferred device.<\/span><\/li>\n<li class=\"li4\" style=\"text-align: left;\"><span style=\"color: #000000;\"><span style=\"color: #000000;\"><span style=\"color: #000000;\"><b>Early Access:<\/b> You have access to the album before its official release on social media and platforms. We kindly ask you <b>not to share this link or the content publicly<\/b>. This is an exclusive reward for your support as a sponsor on the Amaphupho&#8217;s Wemakeit Campaign.<\/span><\/span><\/span><\/li>\n<\/ul>\n<p>&nbsp;<\/p>\n<div style=\"background-color: #444444; padding: 20px; border-radius: 8px; border: 1px solid #ddd; margin-bottom: 20px;\"><div class=\"passster-form\" id=\"ps-843\">\n    <form class=\"password-form\" method=\"post\" autocomplete=\"off\" target=\"_top\">\n        <span class=\"ps-form-headline\">\u00c1rea Protegida \/ Protected Area<\/span>\n        <div class=\"ps-form-instructions-wrap\"><span style=\"color: #e37243\">Este contenido est\u00e1 protegido por contrase\u00f1a. Por favor, introduce una contrase\u00f1a para desbloquear el contenido.\n\nThis content is password protected. Please enter a password to unlock the content.<\/span><\/div>\n        <fieldset>\n            <span class=\"ps-loader\" style=\"display:none;\"><img decoding=\"async\" src=\"https:\/\/www.carlosrondamas.com\/wp-content\/plugins\/content-protector-premium\/assets\/public\/ps-loader.svg\" alt=\"\" \/><\/span>\n            <label for=\"input-ps-843\" style=\"display:none;\" class=\"passster-hidden\">Enter your password<\/label>\n            <input placeholder=\"Introduce tu contrase\u00f1a \/ Enter your password\" type=\"password\" tabindex=\"1\" name=\"passster_password\"\n                   id=\"input-ps-843\" class=\"passster-password\" autocomplete=\"off\"\n                   data-protection-type=\"password-list\" data-list=\"1310\" data-lists=\"[PASSSTER_LISTS]\" data-area=\"1311\"\n                   data-protection=\"area\">\n            \n            <button name=\"submit\" type=\"submit\" class=\"passster-submit\" data-psid=\"ps-843\" data-post-id=\"1327\" data-term-id=\"0\" \n                    data-submit=\"...Checking Password\" data-redirect=\"\">Desbloquear \/ Unlock\n            <\/button>\n            <div class=\"passster-error\"><\/div>\n        <\/fieldset>\n    <\/form>\n<\/div>\n<\/div>\n<p><iframe loading=\"lazy\" title=\"Amaphupho Wemakeit Campaign\" width=\"940\" height=\"529\" src=\"https:\/\/www.youtube.com\/embed\/3Tx9o5wMy68?feature=oembed\" frameborder=\"0\" allow=\"accelerometer; autoplay; clipboard-write; encrypted-media; gyroscope; picture-in-picture; web-share\" referrerpolicy=\"strict-origin-when-cross-origin\" allowfullscreen><\/iframe><\/p>\n<\/div>\n","protected":false},"excerpt":{"rendered":"<p>&nbsp; \ud83d\udd12 Acceso Exclusivo\u00a0 ES: \u00a1Bienvenid@ al universo de Amaphupho! Este es un espacio reservado para quienes hab\u00e9is hecho posible este viaje. Instrucciones de seguridad: Contrase\u00f1a: Introduce tu c\u00f3digo \u00fanico en el recuadro inferior. Por motivos de seguridad y dise\u00f1o, los caracteres permanecer\u00e1n ocultos mientras escribes. Te recomendamos usar \u00abcopiar y pegar\u00bb y despu\u00e9s pulsar el bot\u00f3n \u00abUnlock\u00bb. Descargas: Dispones de intentos limitados para la&#8230;<\/p>\n","protected":false},"author":2,"featured_media":0,"parent":0,"menu_order":0,"comment_status":"closed","ping_status":"closed","template":"","meta":{"footnotes":""},"class_list":["post-1327","page","type-page","status-publish","hentry"],"_links":{"self":[{"href":"https:\/\/www.carlosrondamas.com\/es\/wp-json\/wp\/v2\/pages\/1327","targetHints":{"allow":["GET"]}}],"collection":[{"href":"https:\/\/www.carlosrondamas.com\/es\/wp-json\/wp\/v2\/pages"}],"about":[{"href":"https:\/\/www.carlosrondamas.com\/es\/wp-json\/wp\/v2\/types\/page"}],"author":[{"embeddable":true,"href":"https:\/\/www.carlosrondamas.com\/es\/wp-json\/wp\/v2\/users\/2"}],"replies":[{"embeddable":true,"href":"https:\/\/www.carlosrondamas.com\/es\/wp-json\/wp\/v2\/comments?post=1327"}],"version-history":[{"count":15,"href":"https:\/\/www.carlosrondamas.com\/es\/wp-json\/wp\/v2\/pages\/1327\/revisions"}],"predecessor-version":[{"id":1354,"href":"https:\/\/www.carlosrondamas.com\/es\/wp-json\/wp\/v2\/pages\/1327\/revisions\/1354"}],"wp:attachment":[{"href":"https:\/\/www.carlosrondamas.com\/es\/wp-json\/wp\/v2\/media?parent=1327"}],"curies":[{"name":"wp","href":"https:\/\/api.w.org\/{rel}","templated":true}]}}