{"id":20,"date":"2014-07-17T20:01:33","date_gmt":"2014-07-17T18:01:33","guid":{"rendered":"http:\/\/www.carlosrondamas.com\/?page_id=20"},"modified":"2016-04-03T12:20:50","modified_gmt":"2016-04-03T10:20:50","slug":"biografia","status":"publish","type":"page","link":"https:\/\/www.carlosrondamas.com\/en\/biografia\/","title":{"rendered":"Carlos Ronda Mas"},"content":{"rendered":"<p><\/p>\n<h5>Percussionist-Educator-Composer<\/h5>\n<p>Begins his music studies at Alqueria de la Comtessa Musical Association in the Valencia province (Spain), focusing in symphonic percussion. Later on, he finishes his mid level studies at the Josep Climent Conservatory of the Oliva municipality. During this period he plays as a percussionist in several bands, and also as a teacher of symphonic percussion in different music schools.<\/p>\n<p>In 2004 he moves to Barcelona in order to study Cuban percussion with renowned musician Miguel &#8220;Ang\u00e1&#8221; D\u00edaz, and enters subsequently at the Superior Conservatory of Liceo in the pursue of a bachelors degree in modern percussion, where he earns his degree in 2009 alternating a year in Cuba at the Instituto Superior de Artes de la Habana in the course of 2007-2008. In Cuba he complemented his studies with professors Yaroldy Abreu Robles and Dreiser Durruthy Bombal\u00e9. In the later years his interest in flamenco music has made him study with C\u00e9sar Morena Arr\u00e9bola.<\/p>\n<p>Throughout all this time he also participated in performances as symphonic band percussionist or as a soloist but when he arrived in Barcelona thats when he started to have a more personal view and taste as a percussionist performer. He also taught in Escuela Municipal de M\u00fasica de Ametlla del Vall\u00e8s and started to tour with bands as C\u00e1lida orchestra, QB2 group or Yakar\u00e9. Up until recent times he has had the opportunity to share stage and work with musicians like: Childo Tom\u00e1s, Omar Sosa, Camut Band tap dance company, Leila, Peyoti for President, Tazzuff, C\u00e9sar Moreno, Mar\u00eda Jos\u00e9 Gonzalez dance flamenco company, Bloque 53, Juan &#8220;El Indio&#8221; D\u00edaz, Jove Orchestra Athenea of Girona, LaRumb\u00e9, Essoka Project next to B\u00e1rbara Luna, Ensemble de les Illes Balears, Trafalgar 13, Ekilatrio, \u00d3scar Antol\u00ed&#8230;<\/p>\n<p>With such renowned artist he has played locally and abroad also having the opportunity to record. His work as a composer can be heard in recent recordings such as Peyoti for President&#8217;s last EP and the last work of Tazzuff, among others. Recently he decided to create his own independent record label Sowing Sounds.<\/p>","protected":false},"excerpt":{"rendered":"<p>Percussionist-Educator-Composer Begins his music studies at Alqueria de la Comtessa Musical Association in the Valencia province (Spain), focusing in symphonic percussion. Later on, he finishes his mid level studies at the Josep Climent Conservatory of the Oliva municipality. During this period he plays as a percussionist in several bands, and also as a teacher of symphonic percussion in different music schools. In 2004 he moves&#8230;<\/p>\n","protected":false},"author":1,"featured_media":633,"parent":0,"menu_order":10,"comment_status":"open","ping_status":"closed","template":"posts.php","meta":{"footnotes":""},"class_list":["post-20","page","type-page","status-publish","has-post-thumbnail","hentry"],"_links":{"self":[{"href":"https:\/\/www.carlosrondamas.com\/en\/wp-json\/wp\/v2\/pages\/20","targetHints":{"allow":["GET"]}}],"collection":[{"href":"https:\/\/www.carlosrondamas.com\/en\/wp-json\/wp\/v2\/pages"}],"about":[{"href":"https:\/\/www.carlosrondamas.com\/en\/wp-json\/wp\/v2\/types\/page"}],"author":[{"embeddable":true,"href":"https:\/\/www.carlosrondamas.com\/en\/wp-json\/wp\/v2\/users\/1"}],"replies":[{"embeddable":true,"href":"https:\/\/www.carlosrondamas.com\/en\/wp-json\/wp\/v2\/comments?post=20"}],"version-history":[{"count":72,"href":"https:\/\/www.carlosrondamas.com\/en\/wp-json\/wp\/v2\/pages\/20\/revisions"}],"predecessor-version":[{"id":1149,"href":"https:\/\/www.carlosrondamas.com\/en\/wp-json\/wp\/v2\/pages\/20\/revisions\/1149"}],"wp:featuredmedia":[{"embeddable":true,"href":"https:\/\/www.carlosrondamas.com\/en\/wp-json\/wp\/v2\/media\/633"}],"wp:attachment":[{"href":"https:\/\/www.carlosrondamas.com\/en\/wp-json\/wp\/v2\/media?parent=20"}],"curies":[{"name":"wp","href":"https:\/\/api.w.org\/{rel}","templated":true}]}}